{"id":10,"date":"2025-09-24T12:55:23","date_gmt":"2025-09-24T12:55:23","guid":{"rendered":"https:\/\/musto.si\/?page_id=10"},"modified":"2025-10-06T10:16:50","modified_gmt":"2025-10-06T08:16:50","slug":"jadralna-oblacila-musto","status":"publish","type":"page","link":"https:\/\/musto.si\/","title":{"rendered":"Jadralna obla\u010dila Musto"},"content":{"rendered":"\t\t<div data-elementor-type=\"wp-page\" data-elementor-id=\"10\" class=\"elementor elementor-10\" data-elementor-post-type=\"page\">\n\t\t\t\t<div class=\"elementor-element elementor-element-99d14cb e-flex e-con-boxed e-con e-parent\" data-id=\"99d14cb\" data-element_type=\"container\" data-settings=\"{&quot;background_background&quot;:&quot;classic&quot;}\">\n\t\t\t\t\t<div class=\"e-con-inner\">\n\t\t<div class=\"elementor-element elementor-element-d7b0865 e-con-full e-flex e-con e-child\" data-id=\"d7b0865\" data-element_type=\"container\">\n\t\t<div class=\"elementor-element elementor-element-eb4967d e-con-full e-flex e-con e-child\" data-id=\"eb4967d\" data-element_type=\"container\">\n\t\t\t\t<div class=\"elementor-element elementor-element-a6b3eda elementor-widget elementor-widget-image\" data-id=\"a6b3eda\" data-element_type=\"widget\" data-widget_type=\"image.default\">\n\t\t\t\t\t\t\t\t\t\t\t\t\t\t\t<img fetchpriority=\"high\" decoding=\"async\" width=\"600\" height=\"177\" src=\"https:\/\/musto.si\/wp-content\/uploads\/2025\/09\/imgi_12_x_adv_12-Recovered-02-600x177-1.png\" class=\"attachment-large size-large wp-image-26\" alt=\"\" srcset=\"https:\/\/musto.si\/wp-content\/uploads\/2025\/09\/imgi_12_x_adv_12-Recovered-02-600x177-1.png 600w, https:\/\/musto.si\/wp-content\/uploads\/2025\/09\/imgi_12_x_adv_12-Recovered-02-600x177-1-300x89.png 300w\" sizes=\"(max-width: 600px) 100vw, 600px\" \/>\t\t\t\t\t\t\t\t\t\t\t\t\t\t\t<\/div>\n\t\t\t\t<\/div>\n\t\t\t\t<\/div>\n\t\t\t\t\t<\/div>\n\t\t\t\t<\/div>\n\t\t<div class=\"elementor-element elementor-element-680ef33 e-flex e-con-boxed e-con e-parent\" data-id=\"680ef33\" data-element_type=\"container\" data-settings=\"{&quot;background_background&quot;:&quot;classic&quot;}\">\n\t\t\t\t\t<div class=\"e-con-inner\">\n\t\t<div class=\"elementor-element elementor-element-9e5ebe6 e-con-full e-flex e-con e-child\" data-id=\"9e5ebe6\" data-element_type=\"container\">\n\t\t\t\t<div class=\"elementor-element elementor-element-920c22f elementor-widget__width-initial elementor-widget elementor-widget-text-editor\" data-id=\"920c22f\" data-element_type=\"widget\" data-widget_type=\"text-editor.default\">\n\t\t\t\t\t\t\t\t\tvrhunska navti\u010dna oprema\t\t\t\t\t\t\t\t<\/div>\n\t\t\t\t<div class=\"elementor-element elementor-element-e595e66 elementor-widget__width-initial elementor-widget elementor-widget-heading\" data-id=\"e595e66\" data-element_type=\"widget\" data-widget_type=\"heading.default\">\n\t\t\t\t\t<h2 class=\"elementor-heading-title elementor-size-default\">Pripravljeni na valove z Musto\n<\/h2>\t\t\t\t<\/div>\n\t\t\t\t<\/div>\n\t\t\t\t\t<\/div>\n\t\t\t\t<\/div>\n\t\t<div class=\"elementor-element elementor-element-6b60002 e-flex e-con-boxed e-con e-parent\" data-id=\"6b60002\" data-element_type=\"container\">\n\t\t\t\t\t<div class=\"e-con-inner\">\n\t\t\t\t<div class=\"elementor-element elementor-element-7ed3855 elementor-widget elementor-widget-image\" data-id=\"7ed3855\" data-element_type=\"widget\" data-widget_type=\"image.default\">\n\t\t\t\t\t\t\t\t\t\t\t\t\t\t\t<img decoding=\"async\" width=\"737\" height=\"190\" src=\"https:\/\/musto.si\/wp-content\/uploads\/2025\/09\/musto-log-crn.png\" class=\"attachment-large size-large wp-image-28\" alt=\"\" srcset=\"https:\/\/musto.si\/wp-content\/uploads\/2025\/09\/musto-log-crn.png 737w, https:\/\/musto.si\/wp-content\/uploads\/2025\/09\/musto-log-crn-300x77.png 300w\" sizes=\"(max-width: 737px) 100vw, 737px\" \/>\t\t\t\t\t\t\t\t\t\t\t\t\t\t\t<\/div>\n\t\t\t\t<div class=\"elementor-element elementor-element-53fe2d5 elementor-widget__width-initial elementor-widget elementor-widget-text-editor\" data-id=\"53fe2d5\" data-element_type=\"widget\" data-widget_type=\"text-editor.default\">\n\t\t\t\t\t\t\t\t\t<p>Navti\u010dna obla\u010dila in oprema<\/p>\t\t\t\t\t\t\t\t<\/div>\n\t\t\t\t<div class=\"elementor-element elementor-element-1733f52 elementor-widget__width-initial elementor-widget elementor-widget-text-editor\" data-id=\"1733f52\" data-element_type=\"widget\" data-widget_type=\"text-editor.default\">\n\t\t\t\t\t\t\t\t\tMusto je vodilna znamka navti\u010dnih obla\u010dil in opreme, ki \u017ee desetletja navdu\u0161uje jadralce po vsem svetu. Njihovi izdelki zdru\u017eujejo inovativne materiale, funkcionalnost in brez\u010dasni slog, zato so odli\u010dna izbira za vse, ki i\u0161\u010dejo zanesljivo za\u0161\u010dito na morju in ob obali.\t\t\t\t\t\t\t\t<\/div>\n\t\t<div class=\"elementor-element elementor-element-503b280 e-con-full e-flex e-con e-child\" data-id=\"503b280\" data-element_type=\"container\">\n\t\t<div class=\"elementor-element elementor-element-c17d105 e-con-full e-flex e-con e-child\" data-id=\"c17d105\" data-element_type=\"container\" data-settings=\"{&quot;background_background&quot;:&quot;classic&quot;}\">\n\t\t<div class=\"elementor-element elementor-element-828d962 e-con-full e-flex e-con e-child\" data-id=\"828d962\" data-element_type=\"container\" data-settings=\"{&quot;background_background&quot;:&quot;classic&quot;}\">\n\t\t\t\t<\/div>\n\t\t\t\t<\/div>\n\t\t<div class=\"elementor-element elementor-element-660a0f0 e-con-full e-flex e-con e-child\" data-id=\"660a0f0\" data-element_type=\"container\" data-settings=\"{&quot;background_background&quot;:&quot;classic&quot;}\">\n\t\t<div class=\"elementor-element elementor-element-19d44f7 e-con-full e-flex e-con e-child\" data-id=\"19d44f7\" data-element_type=\"container\" data-settings=\"{&quot;background_background&quot;:&quot;classic&quot;}\">\n\t\t\t\t<\/div>\n\t\t\t\t<\/div>\n\t\t\t\t<\/div>\n\t\t<div class=\"elementor-element elementor-element-5e3ed60 e-con-full e-flex e-con e-child\" data-id=\"5e3ed60\" data-element_type=\"container\" data-settings=\"{&quot;background_background&quot;:&quot;classic&quot;}\">\n\t\t\t\t<div class=\"elementor-element elementor-element-02157d7 elementor-widget__width-initial elementor-widget elementor-widget-text-editor\" data-id=\"02157d7\" data-element_type=\"widget\" data-widget_type=\"text-editor.default\">\n\t\t\t\t\t\t\t\t\t<p>sedaj na voljo<\/p>\t\t\t\t\t\t\t\t<\/div>\n\t\t\t\t<div class=\"elementor-element elementor-element-bfcce18 elementor-widget__width-initial elementor-widget elementor-widget-text-editor\" data-id=\"bfcce18\" data-element_type=\"widget\" data-widget_type=\"text-editor.default\">\n\t\t\t\t\t\t\t\t\t<p class=\"p1\">Musto kolekcija je zdaj na voljo pri X-Adventure.<\/p>\t\t\t\t\t\t\t\t<\/div>\n\t\t\t\t<div class=\"elementor-element elementor-element-3823aaf elementor-align-center elementor-widget elementor-widget-button\" data-id=\"3823aaf\" data-element_type=\"widget\" data-widget_type=\"button.default\">\n\t\t\t\t\t\t\t\t\t\t<a class=\"elementor-button elementor-button-link elementor-size-sm elementor-animation-grow\" href=\"https:\/\/musto.si\/wp-content\/uploads\/2025\/10\/MUSTO_BUYERS_GUIDES_EURO_DIGITAL_SS26.pdf\" target=\"_blank\">\n\t\t\t\t\t\t<span class=\"elementor-button-content-wrapper\">\n\t\t\t\t\t\t\t\t\t<span class=\"elementor-button-text\">Prelistaj katalog<\/span>\n\t\t\t\t\t<\/span>\n\t\t\t\t\t<\/a>\n\t\t\t\t\t\t\t\t<\/div>\n\t\t\t\t<\/div>\n\t\t\t\t\t<\/div>\n\t\t\t\t<\/div>\n\t\t<div class=\"elementor-element elementor-element-1beac6d e-flex e-con-boxed e-con e-parent\" data-id=\"1beac6d\" data-element_type=\"container\" data-settings=\"{&quot;background_background&quot;:&quot;classic&quot;}\">\n\t\t\t\t\t<div class=\"e-con-inner\">\n\t\t<div class=\"elementor-element elementor-element-487e092 e-con-full e-flex e-con e-child\" data-id=\"487e092\" data-element_type=\"container\">\n\t\t\t\t<div class=\"elementor-element elementor-element-fd500d9 elementor-widget elementor-widget-image\" data-id=\"fd500d9\" data-element_type=\"widget\" data-widget_type=\"image.default\">\n\t\t\t\t\t\t\t\t\t\t\t\t\t\t\t\t<a href=\"https:\/\/x-adventure.si\/\" target=\"_blank\">\n\t\t\t\t\t\t\t<img fetchpriority=\"high\" decoding=\"async\" width=\"600\" height=\"177\" src=\"https:\/\/musto.si\/wp-content\/uploads\/2025\/09\/imgi_12_x_adv_12-Recovered-02-600x177-1.png\" class=\"attachment-large size-large wp-image-26\" alt=\"\" srcset=\"https:\/\/musto.si\/wp-content\/uploads\/2025\/09\/imgi_12_x_adv_12-Recovered-02-600x177-1.png 600w, https:\/\/musto.si\/wp-content\/uploads\/2025\/09\/imgi_12_x_adv_12-Recovered-02-600x177-1-300x89.png 300w\" sizes=\"(max-width: 600px) 100vw, 600px\" \/>\t\t\t\t\t\t\t\t<\/a>\n\t\t\t\t\t\t\t\t\t\t\t\t\t\t\t<\/div>\n\t\t\t\t<\/div>\n\t\t<div class=\"elementor-element elementor-element-2074776 e-con-full e-flex e-con e-child\" data-id=\"2074776\" data-element_type=\"container\">\n\t\t\t\t<div class=\"elementor-element elementor-element-9125236 elementor-widget__width-initial elementor-widget elementor-widget-text-editor\" data-id=\"9125236\" data-element_type=\"widget\" data-widget_type=\"text-editor.default\">\n\t\t\t\t\t\t\t\t\t<p>X-ADVENTURE d.o.o.<\/p>\t\t\t\t\t\t\t\t<\/div>\n\t\t\t\t<div class=\"elementor-element elementor-element-abe59c7 elementor-widget elementor-widget-text-editor\" data-id=\"abe59c7\" data-element_type=\"widget\" data-widget_type=\"text-editor.default\">\n\t\t\t\t\t\t\t\t\t<p>Dolinska cesta 1h<br \/>\u0160alara<br \/>6000 Koper<\/p>\t\t\t\t\t\t\t\t<\/div>\n\t\t\t\t<\/div>\n\t\t<div class=\"elementor-element elementor-element-a151124 e-con-full e-flex e-con e-child\" data-id=\"a151124\" data-element_type=\"container\">\n\t\t\t\t<div class=\"elementor-element elementor-element-96869b1 elementor-widget__width-initial elementor-widget elementor-widget-text-editor\" data-id=\"96869b1\" data-element_type=\"widget\" data-widget_type=\"text-editor.default\">\n\t\t\t\t\t\t\t\t\t<p>kontakt<\/p>\t\t\t\t\t\t\t\t<\/div>\n\t\t\t\t<div class=\"elementor-element elementor-element-cc0507f elementor-widget elementor-widget-text-editor\" data-id=\"cc0507f\" data-element_type=\"widget\" data-widget_type=\"text-editor.default\">\n\t\t\t\t\t\t\t\t\t<p><a href=\"tel:0038630435513\">+386 30 435 513<\/a><br \/><a href=\"mailto:info@x-adventure.si\">info@x-adventure.si<\/a><\/p>\t\t\t\t\t\t\t\t<\/div>\n\t\t\t\t<\/div>\n\t\t\t\t\t<\/div>\n\t\t\t\t<\/div>\n\t\t<div class=\"elementor-element elementor-element-93755c6 e-flex e-con-boxed e-con e-parent\" data-id=\"93755c6\" data-element_type=\"container\" data-settings=\"{&quot;background_background&quot;:&quot;classic&quot;}\">\n\t\t\t\t\t<div class=\"e-con-inner\">\n\t\t<div class=\"elementor-element elementor-element-70bfa5b e-con-full e-flex e-con e-child\" data-id=\"70bfa5b\" data-element_type=\"container\">\n\t\t\t\t<div class=\"elementor-element elementor-element-476e394 elementor-widget elementor-widget-text-editor\" data-id=\"476e394\" data-element_type=\"widget\" data-widget_type=\"text-editor.default\">\n\t\t\t\t\t\t\t\t\t<p><span style=\"color: #ffffff;\"><a style=\"color: #ffffff;\" href=\"\/splosni-pogoji\">Splo\u0161ni pogoji<\/a>\u00a0 l\u00a0 \u00a9 2025 Vse pravice pridr\u017eane\u00a0 \u0399 \u00a0Izdelava spletne strani: <strong><a style=\"color: #ffffff;\" href=\"http:\/\/sicirus.si\">SICIRUS 11 d.o.o.<\/a><\/strong><\/span><\/p>\t\t\t\t\t\t\t\t<\/div>\n\t\t\t\t<\/div>\n\t\t\t\t\t<\/div>\n\t\t\t\t<\/div>\n\t\t\t\t<\/div>\n\t\t","protected":false},"excerpt":{"rendered":"<p>vrhunska navti\u010dna oprema Pripravljeni na valove z Musto Navti\u010dna obla\u010dila in oprema Musto je vodilna znamka navti\u010dnih obla\u010dil in opreme, ki \u017ee desetletja navdu\u0161uje jadralce po vsem svetu. Njihovi izdelki zdru\u017eujejo inovativne materiale, funkcionalnost in brez\u010dasni slog, zato so odli\u010dna izbira za vse, ki i\u0161\u010dejo zanesljivo za\u0161\u010dito na morju in ob obali. sedaj na voljo [&hellip;]<\/p>\n","protected":false},"author":1,"featured_media":0,"parent":0,"menu_order":0,"comment_status":"closed","ping_status":"closed","template":"elementor_canvas","meta":{"footnotes":""},"class_list":["post-10","page","type-page","status-publish","hentry"],"yoast_head":"<!-- This site is optimized with the Yoast SEO plugin v26.0 - https:\/\/yoast.com\/wordpress\/plugins\/seo\/ -->\n<title>Jadralna obla\u010dila Musto - Navti\u010dna oprema<\/title>\n<meta name=\"description\" content=\"Jadralna obla\u010dila in oprema Musto sedaj na voljo v Sloveniji pri X-Adventure!\" \/>\n<meta name=\"robots\" content=\"index, follow, max-snippet:-1, max-image-preview:large, max-video-preview:-1\" \/>\n<link rel=\"canonical\" href=\"https:\/\/musto.si\/\" \/>\n<meta property=\"og:locale\" content=\"sl_SI\" \/>\n<meta property=\"og:type\" content=\"article\" \/>\n<meta property=\"og:title\" content=\"Jadralna obla\u010dila Musto - Navti\u010dna oprema\" \/>\n<meta property=\"og:description\" content=\"Jadralna obla\u010dila in oprema Musto sedaj na voljo v Sloveniji pri X-Adventure!\" \/>\n<meta property=\"og:url\" content=\"https:\/\/musto.si\/\" \/>\n<meta property=\"og:site_name\" content=\"Navti\u010dna oprema\" \/>\n<meta property=\"article:modified_time\" content=\"2025-10-06T08:16:50+00:00\" \/>\n<meta property=\"og:image\" content=\"https:\/\/musto.si\/wp-content\/uploads\/2025\/09\/imgi_12_x_adv_12-Recovered-02-600x177-1.png\" \/>\n\t<meta property=\"og:image:width\" content=\"600\" \/>\n\t<meta property=\"og:image:height\" content=\"177\" \/>\n\t<meta property=\"og:image:type\" content=\"image\/png\" \/>\n<meta name=\"twitter:card\" content=\"summary_large_image\" \/>\n<meta name=\"twitter:label1\" content=\"Est. reading time\" \/>\n\t<meta name=\"twitter:data1\" content=\"1 minuta\" \/>\n<script type=\"application\/ld+json\" class=\"yoast-schema-graph\">{\"@context\":\"https:\/\/schema.org\",\"@graph\":[{\"@type\":\"WebPage\",\"@id\":\"https:\/\/musto.si\/\",\"url\":\"https:\/\/musto.si\/\",\"name\":\"Jadralna obla\u010dila Musto - Navti\u010dna oprema\",\"isPartOf\":{\"@id\":\"https:\/\/musto.si\/#website\"},\"primaryImageOfPage\":{\"@id\":\"https:\/\/musto.si\/#primaryimage\"},\"image\":{\"@id\":\"https:\/\/musto.si\/#primaryimage\"},\"thumbnailUrl\":\"https:\/\/musto.si\/wp-content\/uploads\/2025\/09\/imgi_12_x_adv_12-Recovered-02-600x177-1.png\",\"datePublished\":\"2025-09-24T12:55:23+00:00\",\"dateModified\":\"2025-10-06T08:16:50+00:00\",\"description\":\"Jadralna obla\u010dila in oprema Musto sedaj na voljo v Sloveniji pri X-Adventure!\",\"breadcrumb\":{\"@id\":\"https:\/\/musto.si\/#breadcrumb\"},\"inLanguage\":\"sl-SI\",\"potentialAction\":[{\"@type\":\"ReadAction\",\"target\":[\"https:\/\/musto.si\/\"]}]},{\"@type\":\"ImageObject\",\"inLanguage\":\"sl-SI\",\"@id\":\"https:\/\/musto.si\/#primaryimage\",\"url\":\"https:\/\/musto.si\/wp-content\/uploads\/2025\/09\/imgi_12_x_adv_12-Recovered-02-600x177-1.png\",\"contentUrl\":\"https:\/\/musto.si\/wp-content\/uploads\/2025\/09\/imgi_12_x_adv_12-Recovered-02-600x177-1.png\",\"width\":600,\"height\":177},{\"@type\":\"BreadcrumbList\",\"@id\":\"https:\/\/musto.si\/#breadcrumb\",\"itemListElement\":[{\"@type\":\"ListItem\",\"position\":1,\"name\":\"Home\",\"item\":\"https:\/\/musto.si\/\"},{\"@type\":\"ListItem\",\"position\":2,\"name\":\"Jadralna obla\u010dila Musto\"}]},{\"@type\":\"WebSite\",\"@id\":\"https:\/\/musto.si\/#website\",\"url\":\"https:\/\/musto.si\/\",\"name\":\"Navti\u010dna oprema\",\"description\":\"\",\"potentialAction\":[{\"@type\":\"SearchAction\",\"target\":{\"@type\":\"EntryPoint\",\"urlTemplate\":\"https:\/\/musto.si\/?s={search_term_string}\"},\"query-input\":{\"@type\":\"PropertyValueSpecification\",\"valueRequired\":true,\"valueName\":\"search_term_string\"}}],\"inLanguage\":\"sl-SI\"}]}<\/script>\n<!-- \/ Yoast SEO plugin. -->","yoast_head_json":{"title":"Jadralna obla\u010dila Musto - Navti\u010dna oprema","description":"Jadralna obla\u010dila in oprema Musto sedaj na voljo v Sloveniji pri X-Adventure!","robots":{"index":"index","follow":"follow","max-snippet":"max-snippet:-1","max-image-preview":"max-image-preview:large","max-video-preview":"max-video-preview:-1"},"canonical":"https:\/\/musto.si\/","og_locale":"sl_SI","og_type":"article","og_title":"Jadralna obla\u010dila Musto - Navti\u010dna oprema","og_description":"Jadralna obla\u010dila in oprema Musto sedaj na voljo v Sloveniji pri X-Adventure!","og_url":"https:\/\/musto.si\/","og_site_name":"Navti\u010dna oprema","article_modified_time":"2025-10-06T08:16:50+00:00","og_image":[{"width":600,"height":177,"url":"https:\/\/musto.si\/wp-content\/uploads\/2025\/09\/imgi_12_x_adv_12-Recovered-02-600x177-1.png","type":"image\/png"}],"twitter_card":"summary_large_image","twitter_misc":{"Est. reading time":"1 minuta"},"schema":{"@context":"https:\/\/schema.org","@graph":[{"@type":"WebPage","@id":"https:\/\/musto.si\/","url":"https:\/\/musto.si\/","name":"Jadralna obla\u010dila Musto - Navti\u010dna oprema","isPartOf":{"@id":"https:\/\/musto.si\/#website"},"primaryImageOfPage":{"@id":"https:\/\/musto.si\/#primaryimage"},"image":{"@id":"https:\/\/musto.si\/#primaryimage"},"thumbnailUrl":"https:\/\/musto.si\/wp-content\/uploads\/2025\/09\/imgi_12_x_adv_12-Recovered-02-600x177-1.png","datePublished":"2025-09-24T12:55:23+00:00","dateModified":"2025-10-06T08:16:50+00:00","description":"Jadralna obla\u010dila in oprema Musto sedaj na voljo v Sloveniji pri X-Adventure!","breadcrumb":{"@id":"https:\/\/musto.si\/#breadcrumb"},"inLanguage":"sl-SI","potentialAction":[{"@type":"ReadAction","target":["https:\/\/musto.si\/"]}]},{"@type":"ImageObject","inLanguage":"sl-SI","@id":"https:\/\/musto.si\/#primaryimage","url":"https:\/\/musto.si\/wp-content\/uploads\/2025\/09\/imgi_12_x_adv_12-Recovered-02-600x177-1.png","contentUrl":"https:\/\/musto.si\/wp-content\/uploads\/2025\/09\/imgi_12_x_adv_12-Recovered-02-600x177-1.png","width":600,"height":177},{"@type":"BreadcrumbList","@id":"https:\/\/musto.si\/#breadcrumb","itemListElement":[{"@type":"ListItem","position":1,"name":"Home","item":"https:\/\/musto.si\/"},{"@type":"ListItem","position":2,"name":"Jadralna obla\u010dila Musto"}]},{"@type":"WebSite","@id":"https:\/\/musto.si\/#website","url":"https:\/\/musto.si\/","name":"Navti\u010dna oprema","description":"","potentialAction":[{"@type":"SearchAction","target":{"@type":"EntryPoint","urlTemplate":"https:\/\/musto.si\/?s={search_term_string}"},"query-input":{"@type":"PropertyValueSpecification","valueRequired":true,"valueName":"search_term_string"}}],"inLanguage":"sl-SI"}]}},"_links":{"self":[{"href":"https:\/\/musto.si\/index.php?rest_route=\/wp\/v2\/pages\/10","targetHints":{"allow":["GET"]}}],"collection":[{"href":"https:\/\/musto.si\/index.php?rest_route=\/wp\/v2\/pages"}],"about":[{"href":"https:\/\/musto.si\/index.php?rest_route=\/wp\/v2\/types\/page"}],"author":[{"embeddable":true,"href":"https:\/\/musto.si\/index.php?rest_route=\/wp\/v2\/users\/1"}],"replies":[{"embeddable":true,"href":"https:\/\/musto.si\/index.php?rest_route=%2Fwp%2Fv2%2Fcomments&post=10"}],"version-history":[{"count":28,"href":"https:\/\/musto.si\/index.php?rest_route=\/wp\/v2\/pages\/10\/revisions"}],"predecessor-version":[{"id":61,"href":"https:\/\/musto.si\/index.php?rest_route=\/wp\/v2\/pages\/10\/revisions\/61"}],"wp:attachment":[{"href":"https:\/\/musto.si\/index.php?rest_route=%2Fwp%2Fv2%2Fmedia&parent=10"}],"curies":[{"name":"wp","href":"https:\/\/api.w.org\/{rel}","templated":true}]}}